{"id":1050,"date":"2025-09-30T22:55:45","date_gmt":"2025-09-30T20:55:45","guid":{"rendered":"https:\/\/employmentchance.com\/?page_id=1050"},"modified":"2025-09-30T23:21:49","modified_gmt":"2025-09-30T21:21:49","slug":"registro-postulantes","status":"publish","type":"page","link":"https:\/\/employmentchance.com\/index.php\/registro-postulantes\/","title":{"rendered":"REGISTRO DE USUARIOS"},"content":{"rendered":"\n<div class=\"wp-block-stackable-spacer stk-block-spacer stk--no-padding stk-block stk-14828dc\" data-block-id=\"14828dc\"><style>.stk-14828dc {height:100px !important;}<\/style><\/div>\n\n\n\n<div class=\"wp-block-stackable-columns stk-block-columns stk-block stk-2976898 stk-block-background\" data-block-id=\"2976898\"><style>.stk-2976898 .stk--block-align-2976898{align-items:center !important;}.stk-2976898 {background-color:var(--theme-palette-color-8, #1f1f1f) !important;border-top-left-radius:8px !important;border-top-right-radius:8px !important;border-bottom-right-radius:8px !important;border-bottom-left-radius:8px !important;padding-top:0px !important;padding-right:35px !important;padding-bottom:0px !important;padding-left:90px !important;margin-bottom:0px !important;overflow:visible !important;}.stk-2976898:before{background-color:var(--theme-palette-color-8, #1f1f1f) !important;}.stk-2976898 .stk-container{overflow:visible !important;}@media screen and (max-width:999px){.stk-2976898 {padding-right:35px !important;padding-left:35px !important;}}@media screen and (max-width:689px){.stk-2976898-column{row-gap:35px !important;}}<\/style><div class=\"stk-row stk-inner-blocks stk--block-align-2976898 stk-block-content stk-content-align stk-2976898-column\">\n<div class=\"wp-block-stackable-column stk-block-column stk-column stk-block stk-86db01b\" data-v=\"4\" data-block-id=\"86db01b\"><style>.stk-86db01b-container{margin-top:0px !important;margin-right:0px !important;margin-bottom:0px !important;margin-left:0px !important;}.stk-86db01b {padding-top:60px !important;padding-bottom:60px !important;margin-top:0px !important;margin-right:0px !important;margin-bottom:0px !important;margin-left:0px !important;}@media screen and (max-width:999px){.stk-86db01b {padding-top:35px !important;padding-bottom:35px !important;}}<\/style><div class=\"stk-column-wrapper stk-block-column__content stk-container stk-86db01b-container stk--no-background stk--no-padding\"><div class=\"has-text-align-center-mobile stk-block-content stk-inner-blocks stk-86db01b-inner-blocks\">\n<p><\/p>\n\n\n\n<div class=\"wp-block-stackable-heading stk-block-heading stk-block-heading--v2 stk-block stk-145e7f7\" id=\"comienza-ahora-mismo\" data-block-id=\"145e7f7\"><style>.stk-145e7f7 {margin-bottom:30px !important;}.stk-145e7f7 .stk-block-heading__text{font-size:60px !important;line-height:1em !important;font-weight:800 !important;}@media screen and (max-width:999px){.stk-145e7f7 .stk-block-heading__text{font-size:30px !important;}}<\/style><h2 class=\"stk-block-heading__text\">\u00a1COMIENZA AHORA MISMO!<\/h2><\/div>\n\n\n\n<div class=\"wp-block-stackable-text stk-block-text stk-block stk-c84b1d7\" data-block-id=\"c84b1d7\"><style>.stk-c84b1d7 {margin-bottom:35px !important;}.stk-c84b1d7 .stk-block-text__text{color:var(--theme-palette-color-4, #ffffff) !important;}<\/style><p class=\"stk-block-text__text has-text-color has-palette-color-4-color\">\u00ab\u00danete a nuestra comunidad y encuentra la oportunidad laboral que mereces. Estamos aqu\u00ed para acompa\u00f1arte en cada paso de tu carrera.\u00bb<\/p><\/div>\n\n\n\n<div class=\"wp-block-stackable-columns stk-block-columns stk-block stk-1bf49e0\" data-block-id=\"1bf49e0\"><div class=\"stk-row stk-inner-blocks stk-block-content stk-content-align stk-1bf49e0-column\">\n<div class=\"wp-block-stackable-column stk-block-column stk-column stk-block stk-5437a6e\" data-v=\"4\" data-block-id=\"5437a6e\"><div class=\"stk-column-wrapper stk-block-column__content stk-container stk-5437a6e-container stk--no-background stk--no-padding\"><div class=\"stk-block-content stk-inner-blocks stk-5437a6e-inner-blocks\">\n<div class=\"wp-block-stackable-button-group stk-block-button-group stk-block stk-2a89837\" data-block-id=\"2a89837\"><div class=\"stk-row stk-inner-blocks stk-block-content stk-button-group\">\n<div class=\"wp-block-stackable-button stk-block-button stk-block stk-6a39ffb\" data-block-id=\"6a39ffb\"><a class=\"stk-link stk-button stk--hover-effect-scale\" href=\"https:\/\/employmentchance.com\/index.php\/registro-postulantes-2\/\"><span class=\"stk-button__inner-text\">REGISTRO POSTULANTE<\/span><\/a><\/div>\n<\/div><\/div>\n<\/div><\/div><\/div>\n\n\n\n<div class=\"wp-block-stackable-column stk-block-column stk-column stk-block stk-8bd29c1\" data-v=\"4\" data-block-id=\"8bd29c1\"><div class=\"stk-column-wrapper stk-block-column__content stk-container stk-8bd29c1-container stk--no-background stk--no-padding\"><div class=\"stk-block-content stk-inner-blocks stk-8bd29c1-inner-blocks\">\n<div class=\"wp-block-stackable-button-group stk-block-button-group stk-block stk-e37a4b4\" data-block-id=\"e37a4b4\"><div class=\"stk-row stk-inner-blocks stk-block-content stk-button-group\">\n<div class=\"wp-block-stackable-button stk-block-button is-style-ghost stk-block stk-4253268\" data-block-id=\"4253268\"><style>.stk-4253268 .stk-button{background:transparent !important;}.stk-4253268 .stk-button:hover:after{background:transparent !important;opacity:1 !important;}:where(.stk-hover-parent:hover,  .stk-hover-parent.stk--is-hovered) .stk-4253268 .stk-button:after{background:transparent !important;opacity:1 !important;}.stk-4253268 .stk-button:before{border-style:solid !important;}<\/style><a class=\"stk-link stk-button stk--hover-effect-scale\" href=\"https:\/\/employmentchance.com\/index.php\/registro-empresas\/\"><span class=\"stk-button__inner-text\">REGISTRO EMPRESA<\/span><\/a><\/div>\n<\/div><\/div>\n<\/div><\/div><\/div>\n<\/div><\/div>\n<\/div><\/div><\/div>\n\n\n\n<div class=\"wp-block-stackable-column stk-block-column stk-column stk-block stk-f2831ff\" data-v=\"4\" data-block-id=\"f2831ff\"><style>.stk-f2831ff-container{margin-top:0px !important;margin-right:0px !important;margin-bottom:0px !important;margin-left:0px !important;}.stk-f2831ff {align-self:flex-end !important;padding-top:0px !important;padding-right:0px !important;padding-bottom:0px !important;padding-left:0px !important;margin-top:-100px !important;margin-bottom:0px !important;}@media screen and (max-width:999px){.stk-f2831ff {margin-top:0px !important;}}<\/style><div class=\"stk-column-wrapper stk-block-column__content stk-container stk-f2831ff-container stk--no-background stk--no-padding\"><div class=\"stk-block-content stk-inner-blocks stk-f2831ff-inner-blocks\">\n<figure class=\"wp-block-image size-full\"><img loading=\"lazy\" decoding=\"async\" width=\"800\" height=\"800\" src=\"http:\/\/employmentchance.com\/wp-content\/uploads\/2025\/09\/2.png\" alt=\"\" class=\"wp-image-844\"\/><\/figure>\n<\/div><\/div><\/div>\n<\/div><\/div>\n","protected":false},"excerpt":{"rendered":"<p>\u00a1COMIENZA AHORA MISMO! \u00ab\u00danete a nuestra comunidad y encuentra la oportunidad laboral que mereces. Estamos aqu\u00ed para acompa\u00f1arte en cada paso de tu carrera.\u00bb REGISTRO POSTULANTE REGISTRO EMPRESA<\/p>\n","protected":false},"author":1,"featured_media":0,"parent":0,"menu_order":0,"comment_status":"closed","ping_status":"closed","template":"","meta":{"footnotes":""},"class_list":["post-1050","page","type-page","status-publish","hentry"],"blocksy_meta":[],"_links":{"self":[{"href":"https:\/\/employmentchance.com\/index.php\/wp-json\/wp\/v2\/pages\/1050","targetHints":{"allow":["GET"]}}],"collection":[{"href":"https:\/\/employmentchance.com\/index.php\/wp-json\/wp\/v2\/pages"}],"about":[{"href":"https:\/\/employmentchance.com\/index.php\/wp-json\/wp\/v2\/types\/page"}],"author":[{"embeddable":true,"href":"https:\/\/employmentchance.com\/index.php\/wp-json\/wp\/v2\/users\/1"}],"replies":[{"embeddable":true,"href":"https:\/\/employmentchance.com\/index.php\/wp-json\/wp\/v2\/comments?post=1050"}],"version-history":[{"count":8,"href":"https:\/\/employmentchance.com\/index.php\/wp-json\/wp\/v2\/pages\/1050\/revisions"}],"predecessor-version":[{"id":1067,"href":"https:\/\/employmentchance.com\/index.php\/wp-json\/wp\/v2\/pages\/1050\/revisions\/1067"}],"wp:attachment":[{"href":"https:\/\/employmentchance.com\/index.php\/wp-json\/wp\/v2\/media?parent=1050"}],"curies":[{"name":"wp","href":"https:\/\/api.w.org\/{rel}","templated":true}]}}