{"id":785,"date":"2025-09-15T18:59:25","date_gmt":"2025-09-15T16:59:25","guid":{"rendered":"http:\/\/employmentchance.com\/?page_id=785"},"modified":"2025-10-02T18:14:45","modified_gmt":"2025-10-02T16:14:45","slug":"bolsa-de-empleo","status":"publish","type":"page","link":"https:\/\/employmentchance.com\/index.php\/bolsa-de-empleo\/","title":{"rendered":"Bolsa de Empleo"},"content":{"rendered":"\n<div class=\"wp-block-stackable-heading stk-block-heading stk-block-heading--v2 stk-block stk-b0cf0d2\" id=\"strong-explora-las-strong-span-style-color-var-theme-palette-color-1-e-65616-class-stk-highlight-oportunidades-laborales-span-strong-disponibles-y-encuentra-la-que-se-adapta-a-tu-talento-strong\" data-block-id=\"b0cf0d2\"><style>.stk-b0cf0d2 {margin-bottom:15px !important;}<\/style><h4 class=\"stk-block-heading__text has-text-align-center\"><strong>Explora las<\/strong> <span style=\"color: var(--theme-palette-color-1, #e65616);\" class=\"stk-highlight\">OPORTUNIDADES LABORALES<\/span> <strong>disponibles y encuentra la que se adapta a tu talento.<\/strong><\/h4><\/div>\n\n\n\n<div class=\"wp-block-stackable-spacer stk-block-spacer stk--no-padding stk-block stk-14828dc\" data-block-id=\"14828dc\"><style>.stk-14828dc {height:100px !important;}<\/style><\/div>\n\n\n\n<div class=\"wp-block-stackable-columns stk-block-columns stk-block stk-2976898 stk-block-background\" data-block-id=\"2976898\"><style>.stk-2976898 .stk--block-align-2976898{align-items:center !important;}.stk-2976898 {background-color:var(--theme-palette-color-8, #1f1f1f) !important;border-top-left-radius:8px !important;border-top-right-radius:8px !important;border-bottom-right-radius:8px !important;border-bottom-left-radius:8px !important;padding-top:0px !important;padding-right:35px !important;padding-bottom:0px !important;padding-left:90px !important;margin-bottom:15px !important;overflow:visible !important;}.stk-2976898:before{background-color:var(--theme-palette-color-8, #1f1f1f) !important;}.stk-2976898 .stk-container{overflow:visible !important;}@media screen and (max-width:999px){.stk-2976898 {padding-right:35px !important;padding-left:35px !important;}}@media screen and (max-width:689px){.stk-2976898-column{row-gap:35px !important;}}<\/style><div class=\"stk-row stk-inner-blocks stk--block-align-2976898 stk-block-content stk-content-align stk-2976898-column\">\n<div class=\"wp-block-stackable-column stk-block-column stk-column stk-block stk-86db01b\" data-v=\"4\" data-block-id=\"86db01b\"><style>.stk-86db01b-container{margin-top:0px !important;margin-right:0px !important;margin-bottom:0px !important;margin-left:0px !important;}.stk-86db01b {padding-top:60px !important;padding-bottom:60px !important;margin-top:0px !important;margin-right:0px !important;margin-bottom:0px !important;margin-left:0px !important;}@media screen and (max-width:999px){.stk-86db01b {padding-top:35px !important;padding-bottom:35px !important;}}<\/style><div class=\"stk-column-wrapper stk-block-column__content stk-container stk-86db01b-container stk--no-background stk--no-padding\"><div class=\"has-text-align-center-mobile stk-block-content stk-inner-blocks stk-86db01b-inner-blocks\">\n<p><\/p>\n\n\n\n<div class=\"wp-block-stackable-heading stk-block-heading stk-block-heading--v2 stk-block stk-145e7f7\" id=\"comienza-ahora-mismo\" data-block-id=\"145e7f7\"><style>.stk-145e7f7 {margin-bottom:30px !important;}.stk-145e7f7 .stk-block-heading__text{font-size:60px !important;line-height:1em !important;font-weight:800 !important;}@media screen and (max-width:999px){.stk-145e7f7 .stk-block-heading__text{font-size:30px !important;}}<\/style><h2 class=\"stk-block-heading__text has-text-align-right\">\u00a1COMIENZA AHORA MISMO!<\/h2><\/div>\n\n\n\n<div class=\"wp-block-stackable-text stk-block-text stk-block stk-c84b1d7\" data-block-id=\"c84b1d7\"><style>.stk-c84b1d7 {margin-bottom:35px !important;}.stk-c84b1d7 .stk-block-text__text{color:var(--theme-palette-color-4, #ffffff) !important;}<\/style><p class=\"stk-block-text__text has-text-color has-palette-color-4-color has-text-align-justify\">\u00ab Si a\u00fan no te has registrado, haz <span style=\"color: var(--theme-palette-color-1, #e65616);\" class=\"stk-highlight\"><strong>clic<\/strong><\/span> en el bot\u00f3n, <span style=\"color: var(--theme-palette-color-1, #e65616);\" class=\"stk-highlight\"><strong><a href=\"https:\/\/employmentchance.com\/index.php\/registro-postulantes\/\" data-type=\"page\" data-id=\"1050\">REG\u00cdSTRATE<\/a><\/strong><\/span> y <strong><span style=\"color: #fffffe;\" class=\"stk-highlight\">ESCOGE<\/span><\/strong> un plan que se adapte a ti y no pierdas la oportunidad exclusiva de acceder a nuestra <strong>Bolsa de Empleo<\/strong> \u00bb<\/p><\/div>\n\n\n\n<div class=\"wp-block-stackable-columns stk-block-columns stk-block stk-1bf49e0\" data-block-id=\"1bf49e0\"><div class=\"stk-row stk-inner-blocks stk-block-content stk-content-align stk-1bf49e0-column\">\n<div class=\"wp-block-stackable-column stk-block-column stk-column stk-block stk-5437a6e\" data-v=\"4\" data-block-id=\"5437a6e\"><div class=\"stk-column-wrapper stk-block-column__content stk-container stk-5437a6e-container stk--no-background stk--no-padding\"><div class=\"stk-block-content stk-inner-blocks stk-5437a6e-inner-blocks\">\n<div class=\"wp-block-stackable-button-group stk-block-button-group stk-block stk-2a89837\" data-block-id=\"2a89837\"><div class=\"stk-row stk-inner-blocks has-text-align-left stk-block-content stk-button-group\">\n<div class=\"wp-block-stackable-button stk-block-button stk-block stk-6a39ffb\" data-block-id=\"6a39ffb\"><a class=\"stk-link stk-button stk--hover-effect-scale\" href=\"https:\/\/employmentchance.com\/index.php\/registro-postulantes-2\/\"><span class=\"stk-button__inner-text\">REGISTRO POSTULANTE<\/span><\/a><\/div>\n<\/div><\/div>\n<\/div><\/div><\/div>\n<\/div><\/div>\n<\/div><\/div><\/div>\n\n\n\n<div class=\"wp-block-stackable-column stk-block-column stk-column stk-block stk-f2831ff\" data-v=\"4\" data-block-id=\"f2831ff\"><style>.stk-f2831ff-container{margin-top:0px !important;margin-right:0px !important;margin-bottom:0px !important;margin-left:0px !important;}.stk-f2831ff {align-self:flex-end !important;padding-top:0px !important;padding-right:0px !important;padding-bottom:0px !important;padding-left:0px !important;margin-top:-100px !important;margin-bottom:0px !important;}@media screen and (max-width:999px){.stk-f2831ff {margin-top:0px !important;}}<\/style><div class=\"stk-column-wrapper stk-block-column__content stk-container stk-f2831ff-container stk--no-background stk--no-padding\"><div class=\"stk-block-content stk-inner-blocks stk-f2831ff-inner-blocks\">\n<figure class=\"wp-block-image size-full\"><img loading=\"lazy\" decoding=\"async\" width=\"800\" height=\"800\" src=\"http:\/\/employmentchance.com\/wp-content\/uploads\/2025\/09\/2.png\" alt=\"\" class=\"wp-image-844\"\/><\/figure>\n<\/div><\/div><\/div>\n<\/div><\/div>\n\n\n\n<p class=\"has-text-align-center\"><strong><span style=\"color: var(--theme-palette-color-1, #e65616);\" class=\"stk-highlight\">CONECTAR<\/span><\/strong> con empresas locales e internacionales nunca fue <em><span style=\"color: #fffffe;\" class=\"stk-highlight\">tan f\u00e1cil.<\/span><\/em><\/p>\n\n\n\n<div class=\"wp-block-stackable-spacer stk-block-spacer stk--no-padding stk-block stk-f030e8e\" data-block-id=\"f030e8e\"><style>.stk-f030e8e {height:50px !important;}<\/style><\/div>\n\n\n<p class=\"job-manager-error\">Lo siento, no tienes permisos ver ofertas de trabajo.<\/p>\n\n\n\n\n<p><\/p>\n","protected":false},"excerpt":{"rendered":"<p>Explora las OPORTUNIDADES LABORALES disponibles y encuentra la que se adapta a tu talento. \u00a1COMIENZA AHORA MISMO! \u00ab Si a\u00fan no te has registrado, haz clic en el bot\u00f3n, REG\u00cdSTRATE y ESCOGE un plan que se adapte a ti y no pierdas la oportunidad exclusiva de acceder a nuestra Bolsa de Empleo \u00bb REGISTRO POSTULANTE [&hellip;]<\/p>\n","protected":false},"author":1,"featured_media":0,"parent":0,"menu_order":0,"comment_status":"closed","ping_status":"closed","template":"","meta":{"footnotes":""},"class_list":["post-785","page","type-page","status-publish","hentry"],"blocksy_meta":[],"_links":{"self":[{"href":"https:\/\/employmentchance.com\/index.php\/wp-json\/wp\/v2\/pages\/785","targetHints":{"allow":["GET"]}}],"collection":[{"href":"https:\/\/employmentchance.com\/index.php\/wp-json\/wp\/v2\/pages"}],"about":[{"href":"https:\/\/employmentchance.com\/index.php\/wp-json\/wp\/v2\/types\/page"}],"author":[{"embeddable":true,"href":"https:\/\/employmentchance.com\/index.php\/wp-json\/wp\/v2\/users\/1"}],"replies":[{"embeddable":true,"href":"https:\/\/employmentchance.com\/index.php\/wp-json\/wp\/v2\/comments?post=785"}],"version-history":[{"count":22,"href":"https:\/\/employmentchance.com\/index.php\/wp-json\/wp\/v2\/pages\/785\/revisions"}],"predecessor-version":[{"id":1167,"href":"https:\/\/employmentchance.com\/index.php\/wp-json\/wp\/v2\/pages\/785\/revisions\/1167"}],"wp:attachment":[{"href":"https:\/\/employmentchance.com\/index.php\/wp-json\/wp\/v2\/media?parent=785"}],"curies":[{"name":"wp","href":"https:\/\/api.w.org\/{rel}","templated":true}]}}